{"id":1024,"date":"2019-11-22T12:14:25","date_gmt":"2019-11-22T11:14:25","guid":{"rendered":"https:\/\/www.planet-advertising.com\/imprint\/"},"modified":"2026-04-01T04:24:02","modified_gmt":"2026-04-01T02:24:02","slug":"imprint","status":"publish","type":"page","link":"https:\/\/psi-network.de\/en\/imprint\/","title":{"rendered":"Imprint"},"content":{"rendered":"\n<h2 class=\"wp-block-heading\">Imprint<\/h2>\n\n\n\n<p>Information according to \u00a7 5 TMG:<\/p>\n\n\n\n<p>PSI \u2013 Promotional Product Service Institute<br>RX Deutschland GmbH<br>Johannstra\u00dfe 1<br>40476 D\u00fcsseldorf<br>Germany<\/p>\n\n\n\n<p>PO Box<br>P.O. Box 101642<br>40007 D\u00fcsseldorf<br>Germany<\/p>\n\n\n\n<p>Represented by the Managing Directors:<br>Rachel Travers, Michael Koehler, Ivo Sklenitzka<br><br>A division of RELX Group<\/p>\n\n\n\n<p>T: +49 211 90191-600<br><a href=\"mailto:psi.service.teams@rxglobal.com\">psi.service.teams@rxglobal.com<\/a><br><a href=\"http:\/\/rxglobal.de\/\" target=\"_blank\" rel=\"noreferrer noopener\">rxglobal.de\/<\/a><\/p>\n\n\n\n<p>Registration entry: Registration in trade register<br>Register court: Amtsgericht D\u00fcsseldorf<br>Registration number: HRB 28688<\/p>\n\n\n\n<p>VAT-ID: DE119434226<\/p>\n\n\n\n<p>Person responsible for Content according to \u00a7 18 (2) MStV: <br>Petra Lassahn, Event Director,&nbsp;Johannstra\u00dfe 1, 40476 D\u00fcsseldorf<\/p>\n","protected":false},"excerpt":{"rendered":"<p>Imprint Information according to \u00a7 5 TMG: PSI \u2013 Promotional Product Service InstituteRX Deutschland GmbHJohannstra\u00dfe 140476 D\u00fcsseldorfGermany PO BoxP.O. Box 10164240007 D\u00fcsseldorfGermany Represented by the Managing Directors:Rachel Travers, Michael Koehler, Ivo Sklenitzka A division of RELX Group T: +49 211 90191-600psi.service.teams@rxglobal.comrxglobal.de\/ Registration entry: Registration in trade registerRegister court: Amtsgericht D\u00fcsseldorfRegistration number: HRB 28688 VAT-ID: DE119434226 [&hellip;]<\/p>\n","protected":false},"author":32,"featured_media":0,"parent":0,"menu_order":0,"comment_status":"closed","ping_status":"closed","template":"","meta":{"_acf_changed":false,"footnotes":""},"class_list":["post-1024","page","type-page","status-publish","hentry"],"acf":[],"yoast_head":"<!-- This site is optimized with the Yoast SEO plugin v27.3 - https:\/\/yoast.com\/product\/yoast-seo-wordpress\/ -->\n<title>Imprint - PSI Network<\/title>\n<meta name=\"robots\" content=\"index, follow, max-snippet:-1, max-image-preview:large, max-video-preview:-1\" \/>\n<link rel=\"canonical\" href=\"https:\/\/psi-network.de\/en\/imprint\/\" \/>\n<meta property=\"og:locale\" content=\"en_US\" \/>\n<meta property=\"og:type\" content=\"article\" \/>\n<meta property=\"og:title\" content=\"Imprint - PSI Network\" \/>\n<meta property=\"og:description\" content=\"Imprint Information according to \u00a7 5 TMG: PSI \u2013 Promotional Product Service InstituteRX Deutschland GmbHJohannstra\u00dfe 140476 D\u00fcsseldorfGermany PO BoxP.O. Box 10164240007 D\u00fcsseldorfGermany Represented by the Managing Directors:Rachel Travers, Michael Koehler, Ivo Sklenitzka A division of RELX Group T: +49 211 90191-600psi.service.teams@rxglobal.comrxglobal.de\/ Registration entry: Registration in trade registerRegister court: Amtsgericht D\u00fcsseldorfRegistration number: HRB 28688 VAT-ID: DE119434226 [&hellip;]\" \/>\n<meta property=\"og:url\" content=\"https:\/\/psi-network.de\/en\/imprint\/\" \/>\n<meta property=\"og:site_name\" content=\"PSI Network\" \/>\n<meta property=\"article:modified_time\" content=\"2026-04-01T02:24:02+00:00\" \/>\n<meta name=\"twitter:card\" content=\"summary_large_image\" \/>\n<meta name=\"twitter:label1\" content=\"Est. reading time\" \/>\n\t<meta name=\"twitter:data1\" content=\"1 minute\" \/>\n<script type=\"application\/ld+json\" class=\"yoast-schema-graph\">{\"@context\":\"https:\\\/\\\/schema.org\",\"@graph\":[{\"@type\":\"WebPage\",\"@id\":\"https:\\\/\\\/psi-network.de\\\/en\\\/imprint\\\/\",\"url\":\"https:\\\/\\\/psi-network.de\\\/en\\\/imprint\\\/\",\"name\":\"Imprint - PSI Network\",\"isPartOf\":{\"@id\":\"https:\\\/\\\/psi-network.de\\\/#website\"},\"datePublished\":\"2019-11-22T11:14:25+00:00\",\"dateModified\":\"2026-04-01T02:24:02+00:00\",\"breadcrumb\":{\"@id\":\"https:\\\/\\\/psi-network.de\\\/en\\\/imprint\\\/#breadcrumb\"},\"inLanguage\":\"en-US\",\"potentialAction\":[{\"@type\":\"ReadAction\",\"target\":[\"https:\\\/\\\/psi-network.de\\\/en\\\/imprint\\\/\"]}]},{\"@type\":\"BreadcrumbList\",\"@id\":\"https:\\\/\\\/psi-network.de\\\/en\\\/imprint\\\/#breadcrumb\",\"itemListElement\":[{\"@type\":\"ListItem\",\"position\":1,\"name\":\"Startseite\",\"item\":\"https:\\\/\\\/psi-network.de\\\/en\\\/\"},{\"@type\":\"ListItem\",\"position\":2,\"name\":\"Imprint\"}]},{\"@type\":\"WebSite\",\"@id\":\"https:\\\/\\\/psi-network.de\\\/#website\",\"url\":\"https:\\\/\\\/psi-network.de\\\/\",\"name\":\"PSI Network\",\"description\":\"Die Welt des Werbens und Verkaufens\",\"publisher\":{\"@id\":\"https:\\\/\\\/psi-network.de\\\/#organization\"},\"potentialAction\":[{\"@type\":\"SearchAction\",\"target\":{\"@type\":\"EntryPoint\",\"urlTemplate\":\"https:\\\/\\\/psi-network.de\\\/?s={search_term_string}\"},\"query-input\":{\"@type\":\"PropertyValueSpecification\",\"valueRequired\":true,\"valueName\":\"search_term_string\"}}],\"inLanguage\":\"en-US\"},{\"@type\":\"Organization\",\"@id\":\"https:\\\/\\\/psi-network.de\\\/#organization\",\"name\":\"PSI Network\",\"url\":\"https:\\\/\\\/psi-network.de\\\/\",\"logo\":{\"@type\":\"ImageObject\",\"inLanguage\":\"en-US\",\"@id\":\"https:\\\/\\\/psi-network.de\\\/#\\\/schema\\\/logo\\\/image\\\/\",\"url\":\"https:\\\/\\\/psi-network.de\\\/content\\\/uploads\\\/2019\\\/11\\\/cropped-Planet-Advertising-2.jpg\",\"contentUrl\":\"https:\\\/\\\/psi-network.de\\\/content\\\/uploads\\\/2019\\\/11\\\/cropped-Planet-Advertising-2.jpg\",\"width\":600,\"height\":600,\"caption\":\"PSI Network\"},\"image\":{\"@id\":\"https:\\\/\\\/psi-network.de\\\/#\\\/schema\\\/logo\\\/image\\\/\"}}]}<\/script>\n<!-- \/ Yoast SEO plugin. -->","yoast_head_json":{"title":"Imprint - PSI Network","robots":{"index":"index","follow":"follow","max-snippet":"max-snippet:-1","max-image-preview":"max-image-preview:large","max-video-preview":"max-video-preview:-1"},"canonical":"https:\/\/psi-network.de\/en\/imprint\/","og_locale":"en_US","og_type":"article","og_title":"Imprint - PSI Network","og_description":"Imprint Information according to \u00a7 5 TMG: PSI \u2013 Promotional Product Service InstituteRX Deutschland GmbHJohannstra\u00dfe 140476 D\u00fcsseldorfGermany PO BoxP.O. Box 10164240007 D\u00fcsseldorfGermany Represented by the Managing Directors:Rachel Travers, Michael Koehler, Ivo Sklenitzka A division of RELX Group T: +49 211 90191-600psi.service.teams@rxglobal.comrxglobal.de\/ Registration entry: Registration in trade registerRegister court: Amtsgericht D\u00fcsseldorfRegistration number: HRB 28688 VAT-ID: DE119434226 [&hellip;]","og_url":"https:\/\/psi-network.de\/en\/imprint\/","og_site_name":"PSI Network","article_modified_time":"2026-04-01T02:24:02+00:00","twitter_card":"summary_large_image","twitter_misc":{"Est. reading time":"1 minute"},"schema":{"@context":"https:\/\/schema.org","@graph":[{"@type":"WebPage","@id":"https:\/\/psi-network.de\/en\/imprint\/","url":"https:\/\/psi-network.de\/en\/imprint\/","name":"Imprint - PSI Network","isPartOf":{"@id":"https:\/\/psi-network.de\/#website"},"datePublished":"2019-11-22T11:14:25+00:00","dateModified":"2026-04-01T02:24:02+00:00","breadcrumb":{"@id":"https:\/\/psi-network.de\/en\/imprint\/#breadcrumb"},"inLanguage":"en-US","potentialAction":[{"@type":"ReadAction","target":["https:\/\/psi-network.de\/en\/imprint\/"]}]},{"@type":"BreadcrumbList","@id":"https:\/\/psi-network.de\/en\/imprint\/#breadcrumb","itemListElement":[{"@type":"ListItem","position":1,"name":"Startseite","item":"https:\/\/psi-network.de\/en\/"},{"@type":"ListItem","position":2,"name":"Imprint"}]},{"@type":"WebSite","@id":"https:\/\/psi-network.de\/#website","url":"https:\/\/psi-network.de\/","name":"PSI Network","description":"Die Welt des Werbens und Verkaufens","publisher":{"@id":"https:\/\/psi-network.de\/#organization"},"potentialAction":[{"@type":"SearchAction","target":{"@type":"EntryPoint","urlTemplate":"https:\/\/psi-network.de\/?s={search_term_string}"},"query-input":{"@type":"PropertyValueSpecification","valueRequired":true,"valueName":"search_term_string"}}],"inLanguage":"en-US"},{"@type":"Organization","@id":"https:\/\/psi-network.de\/#organization","name":"PSI Network","url":"https:\/\/psi-network.de\/","logo":{"@type":"ImageObject","inLanguage":"en-US","@id":"https:\/\/psi-network.de\/#\/schema\/logo\/image\/","url":"https:\/\/psi-network.de\/content\/uploads\/2019\/11\/cropped-Planet-Advertising-2.jpg","contentUrl":"https:\/\/psi-network.de\/content\/uploads\/2019\/11\/cropped-Planet-Advertising-2.jpg","width":600,"height":600,"caption":"PSI Network"},"image":{"@id":"https:\/\/psi-network.de\/#\/schema\/logo\/image\/"}}]}},"_links":{"self":[{"href":"https:\/\/psi-network.de\/en\/wp-json\/wp\/v2\/pages\/1024","targetHints":{"allow":["GET"]}}],"collection":[{"href":"https:\/\/psi-network.de\/en\/wp-json\/wp\/v2\/pages"}],"about":[{"href":"https:\/\/psi-network.de\/en\/wp-json\/wp\/v2\/types\/page"}],"author":[{"embeddable":true,"href":"https:\/\/psi-network.de\/en\/wp-json\/wp\/v2\/users\/32"}],"replies":[{"embeddable":true,"href":"https:\/\/psi-network.de\/en\/wp-json\/wp\/v2\/comments?post=1024"}],"version-history":[{"count":29,"href":"https:\/\/psi-network.de\/en\/wp-json\/wp\/v2\/pages\/1024\/revisions"}],"predecessor-version":[{"id":42286,"href":"https:\/\/psi-network.de\/en\/wp-json\/wp\/v2\/pages\/1024\/revisions\/42286"}],"wp:attachment":[{"href":"https:\/\/psi-network.de\/en\/wp-json\/wp\/v2\/media?parent=1024"}],"curies":[{"name":"wp","href":"https:\/\/api.w.org\/{rel}","templated":true}]}}