{"id":14169,"date":"2022-05-05T13:21:11","date_gmt":"2022-05-05T11:21:11","guid":{"rendered":"https:\/\/migrate.psi-network.de\/?page_id=14169"},"modified":"2025-09-01T05:17:34","modified_gmt":"2025-09-01T03:17:34","slug":"tools","status":"publish","type":"page","link":"https:\/\/psi-network.de\/tools\/","title":{"rendered":"Tools &#038; Dienstleistungen"},"content":{"rendered":"    <div class=\"content content--pad-xxl\">\r\n        <div class=\"content__wrapper\">\r\n            <div class=\"row flex-column-reverse flex-lg-row\">\r\n                <div class=\"col-12 col-lg-7 col-xl-8\">\r\n                    <div class=\"heading heading--sub-upper\">\r\n                                                    <h3 class=\"heading__subtitle\">Exklusiv nur f\u00fcr Mitglieder: PSI Tools &#038; Dienstleistungen<\/h3>\r\n                                                                            <h1 class=\"heading__title\">Ma\u00dfgeschneiderte L\u00f6sungen f\u00fcr Ihren Erfolg<\/h1>\r\n                                            <\/div>\r\n                                            <div class=\"my-xl\">\r\n                            <p>Seinen Mitgliedern verpflichtet und dem Markt voraus: So agiert Europas gr\u00f6\u00dftes Netzwerk f\u00fcr die Werbeartikelwirtschaft seit \u00fcber 50 Jahren. Treten Sie dem PSI bei und partizipieren Sie von einer Welt voller Vorteile. Ob als Lieferant, Werbeartikelh\u00e4ndler, Veredler oder Werbemittel-Agentur: im Rahmen Ihrer PSI-Mitgliedschaft profitieren Sie vom Who &amp; How der Branche. Und von ma\u00dfgeschneiderten Dienstleistungen, die Ihren Bed\u00fcrfnissen entsprechen.<\/p>\n<p><strong>Diese PSI-Services unterst\u00fctzen Sie dabei, Ihre Gesch\u00e4fte erfolgreich zu skalieren:<\/strong><\/p>\n<ul>\n<li>Pers\u00f6nliche Beratung durch das PSI-Team,<\/li>\n<li>effektives Marketing,<\/li>\n<li>fundierte Weiterbildung,<\/li>\n<li>effiziente L\u00f6sungen f\u00fcr die Online-Produktsuche im Bereich Werbeartikel.<\/li>\n<\/ul>\n<p>Hinzu kommt eine Vielzahl an Branchenkontakten. Gewinnen Sie im Rahmen Ihrer Mitgliedschaft neue Leads, bahnen Sie Kooperationen an und treffen Sie auf potenzielle Gesch\u00e4ftspartner. Zum Beispiel auf Europas bedeutendster Fachmesse f\u00fcr die Werbeartikelwirtschaft vom 10. bis 12. Januar 2023 in D\u00fcsseldorf. Als Mitglied haben Sie exklusiv die M\u00f6glichkeit, auf der PSI auszustellen und Ihre Innovationen H\u00e4ndlern, (Textil-) Dekorateuren, Marketingagenturen und Industriekunden vorzustellen.<\/p>\n                        <\/div>\r\n                                        <div class=\"btn-group\">\r\n                                                                            <a href=\"#sectionSubscriptions\" class=\"btn btn-lg btn-secondary\">\r\n                                Mitglied werden                                <!--add text--->\r\n                            <\/a>\r\n                                            <\/div>\r\n                                    <\/div>\r\n                    <div class=\"col-12 col-lg-5 col-xl-4 mb-xl mb-lg-none text-center\">\r\n                    <img decoding=\"async\" src=\"https:\/\/psi-network.de\/content\/uploads\/2019\/06\/phone.png\" class=\"img-fluid\" alt=\"phone\" \/>\r\n                <\/div>\r\n                <\/div>\r\n        <\/div>\r\n    <\/div>\r\n\n\n    <div class=\"alignfull\">\r\n        <div class=\"content content--raw\">\r\n            <div class=\"content__wrapper\">\r\n                <div class=\"teaser-list teaser-list--horizontal\">\r\n                                            <div class=\"teaser-list__item\" id=\"psi-teaser-1\">\r\n                                                        <div class=\"teaser-list__item-wrapper\">\r\n                                <div class=\"teaser-list__content\">\r\n                                                                            <h1>Der PSI Product Finder<\/h1>\n<p>Der PSI Product Finder ist Europas gr\u00f6\u00dfte und umfangreichste Datenbank f\u00fcr die Recherche von Werbeartikeln im Internet. Als PSI Mitglied profitieren Sie exklusiv von diesem wertvollen Sourcing-Instrument.<\/p>\n<p><strong>Als Werbeartikellieferant<\/strong> beinhaltet Ihre PSI-Mitgliedschaft stets aktuelle Eintr\u00e4ge Ihrer Werbemittel in den PSI Product Finder. Dank der vom Netzwerk definierten, strengen Datenqualit\u00e4tsstandards ist ein qualitativ hochwertiges Umfeld f\u00fcr Ihre Pr\u00e4senz im Interesse Ihres Akquise-Erfolgs gew\u00e4hrleistet.<\/p>\n<p><strong>Als Marketingexperte, Werbeartikelh\u00e4ndler, Agentur oder Veredler<\/strong> erhalten Sie im Rahmen Ihrer Mitgliedschaft exklusiv Zugriff auf die sorgf\u00e4ltig gepflegte Online-Datenbank. Mit Hilfe der Onlinerecherche finden Sie im Product Finder bew\u00e4hrte Verkaufsschlager und neue, trendige Produkte f\u00fcr jedes Budget, geb\u00fcndelt auf einer Plattform. Ihre Vorteile im Einzelnen:<\/p>\n<ul>\n<li>Erh\u00f6htes Umsatzpotenzial durch effizientes Sourcing,<\/li>\n<li>Neue, innovative und bew\u00e4hrte Produkte in einer einzigen Datenbank,<\/li>\n<li>Vorsprung bei der Produktrecherche durch vielf\u00e4ltige Such- und Sortierfunktionen,<\/li>\n<li>Intelligente semantische Suche f\u00fcr mehr passende Suchergebnisse,<\/li>\n<li>Individuelle Produktlisten und Werbeseiten zum Teilen mit Ihren Kunden,<\/li>\n<li>Angebotsanfragen direkt aus dem System heraus senden und bearbeiten.<\/li>\n<\/ul>\n                                                                                                                <a class=\"btn btn-secondary\" href=\"http:\/\/psiproductfinder.de\" target=\"_blank\">\r\n                                            Zum PSI Product Finder                                             <i class=\"icon-arrow-alt-circle-right-regular\"><\/i>\r\n                                        <\/a>\r\n                                                                    <\/div>\r\n                                                                    <figure>\r\n                                        <picture>\r\n                                            <source srcset=\"https:\/\/psi-network.de\/content\/uploads\/2021\/04\/Product-Finder-1200x828px-720x450.png\" media=\"(min-width: 1200px)\">\r\n                                            <source srcset=\"https:\/\/psi-network.de\/content\/uploads\/2021\/04\/Product-Finder-1200x828px-720x450.png\" media=\"(min-width: 992px)\">\r\n                                            <source srcset=\"https:\/\/psi-network.de\/content\/uploads\/2021\/04\/Product-Finder-1200x828px-720x450.png\" media=\"(min-width: 768px)\">\r\n                                            <img srcset=\"https:\/\/psi-network.de\/content\/uploads\/2021\/04\/Product-Finder-1200x828px-720x450.png\" class=\"img-fluid\" \/>\r\n                                        <\/picture>\r\n                                    <\/figure>\r\n                                                            <\/div>\r\n                        <\/div>\r\n                                            <div class=\"teaser-list__item\" id=\"psi-teaser-2\">\r\n                                                        <div class=\"teaser-list__item-wrapper\">\r\n                                <div class=\"teaser-list__content\">\r\n                                                                            <h1>Das PSI Product Sourcing<\/h1>\n<p>Sie suchen den schnellsten Weg zu den neusten Werbeartikeln, um mehr Zeit f\u00fcr Ihre Kunden zu haben? Als Mitglied im gr\u00f6\u00dften Netzwerk f\u00fcr Werbeartikel in Europa unterst\u00fctzt Sie das kompetente PSI Sourcing Team dabei, die passenden Werbemittel und geeigneten Lieferanten zu finden.<\/p>\n<p>Als PSI-Mitglied greifen Sie auf das einmalige Fachwissen des Expertenteams zur\u00fcck. Partizipieren Sie von dem fachlich versierten \u00dcberblick \u00fcber das Branchenangebot und aufkommende Trends. Als verl\u00e4ssliche Partner sind Ihnen die Sourcing Experten des PSI jederzeit als Ideengeber behilflich und beraten Sie ausf\u00fchrlich bei speziellen Produktanforderungen. Ob in einem pers\u00f6nlichen Telefonat oder via Online-Anfrage per Mail oder Website.<\/p>\n<p>Im Falle gesetzlicher \u00c4nderungen werden Sie im Rahmen Ihrer PSI-Mitgliedschaft unmittelbar fundiert von dem Sourcing Team informiert. Damit Sie Ihre Situation angemessen einsch\u00e4tzen, Ihre n\u00e4chsten Schritte ma\u00dfvoll abw\u00e4gen und realistisch planen k\u00f6nnen.<\/p>\n                                                                                                                <a class=\"btn btn-secondary\" href=\"https:\/\/migrate.psi-network.de\/mitgliedschaft\/\" target=\"_self\">\r\n                                            Mitglied werden                                            <i class=\"icon-arrow-alt-circle-right-regular\"><\/i>\r\n                                        <\/a>\r\n                                                                    <\/div>\r\n                                                                    <figure>\r\n                                        <picture>\r\n                                            <source srcset=\"https:\/\/psi-network.de\/content\/uploads\/2022\/05\/slider_produktrecherche_1170_550-1-720x450.jpg\" media=\"(min-width: 1200px)\">\r\n                                            <source srcset=\"https:\/\/psi-network.de\/content\/uploads\/2022\/05\/slider_produktrecherche_1170_550-1-720x450.jpg\" media=\"(min-width: 992px)\">\r\n                                            <source srcset=\"https:\/\/psi-network.de\/content\/uploads\/2022\/05\/slider_produktrecherche_1170_550-1-720x450.jpg\" media=\"(min-width: 768px)\">\r\n                                            <img srcset=\"https:\/\/psi-network.de\/content\/uploads\/2022\/05\/slider_produktrecherche_1170_550-1-720x450.jpg\" class=\"img-fluid\" \/>\r\n                                        <\/picture>\r\n                                    <\/figure>\r\n                                                            <\/div>\r\n                        <\/div>\r\n                                            <div class=\"teaser-list__item\" id=\"psi-teaser-3\">\r\n                                                        <div class=\"teaser-list__item-wrapper\">\r\n                                <div class=\"teaser-list__content\">\r\n                                                                            <h1>Der PSI Distributor Finder<\/h1>\n<p>Sie sind auf der Suche nach dem passenden Webeartikelh\u00e4ndler? Als Mitglied des PSI Netzwerks haben Sie exklusiv Zugriff auf den PSI Distributor Finder. Mit diesem wertvollen Instrument finden Sie den Vertriebspartner, der zu Ihnen und Ihren Bed\u00fcrfnissen passt.<\/p>\n<p><strong>Als Werbeartikelh\u00e4ndler\u00a0<\/strong>beinhaltet Ihre PSI Mitgliedschaft einen Eintrag in den Distributor Finder. Das Nachschlagewerk unterst\u00fctzt Sie effektiv bei der nachhaltigen Partner- und Kundenakquise.<\/p>\n<p><strong>Als Werbeartikellieferant\u00a0<\/strong>erhalten Sie im Rahmen Ihrer Mitgliedschaft exklusiv Zugriff auf den Distributor Finder. Dieses Nachschlagewerk bietet Ihnen eine aktuelle \u00dcbersicht potenzieller Vertriebspartner. Als Indikatoren f\u00fcr eine Passung dienen Ihnen Unternehmensdaten wie Umsatz und Mitarbeiterstruktur.<\/p>\n                                                                                                                <a class=\"btn btn-secondary\" href=\"https:\/\/www.psidistributorfinder.com\/ \" target=\"_blank\">\r\n                                            Zum Online Distributor Finder                                            <i class=\"icon-arrow-alt-circle-right-regular\"><\/i>\r\n                                        <\/a>\r\n                                                                    <\/div>\r\n                                                                    <figure>\r\n                                        <picture>\r\n                                            <source srcset=\"https:\/\/psi-network.de\/content\/uploads\/2021\/04\/PSI-DISTRIBUTOR-FINDER_1-720x450.jpg\" media=\"(min-width: 1200px)\">\r\n                                            <source srcset=\"https:\/\/psi-network.de\/content\/uploads\/2021\/04\/PSI-DISTRIBUTOR-FINDER_1-720x450.jpg\" media=\"(min-width: 992px)\">\r\n                                            <source srcset=\"https:\/\/psi-network.de\/content\/uploads\/2021\/04\/PSI-DISTRIBUTOR-FINDER_1-720x450.jpg\" media=\"(min-width: 768px)\">\r\n                                            <img srcset=\"https:\/\/psi-network.de\/content\/uploads\/2021\/04\/PSI-DISTRIBUTOR-FINDER_1-720x450.jpg\" class=\"img-fluid\" \/>\r\n                                        <\/picture>\r\n                                    <\/figure>\r\n                                                            <\/div>\r\n                        <\/div>\r\n                                            <div class=\"teaser-list__item\" id=\"psi-teaser-4\">\r\n                                                        <div class=\"teaser-list__item-wrapper\">\r\n                                <div class=\"teaser-list__content\">\r\n                                                                            <h1>Der PSI Supplier Finder<\/h1>\n<p>Sie haben bestimmte Produktanforderungen und suchen gezielt nach einem neuen Lieferanten? Das PSI bietet Ihnen im Rahmen einer Mitgliedschaft effektive und effiziente Werkzeuge f\u00fcr die strategische Lieferantensuche und -auswahl.<\/p>\n<p>Als Mitglied k\u00f6nnen Sie f\u00fcr diesen aufw\u00e4ndigen Prozess u.a. auf den PSI Supplier Finder zugreifen. Der umfassende Datenpool steht Ihnen wahlweise als gedrucktes Nachschlagewerk oder in Form einer Online-Suchmaske zur Verf\u00fcgung. Er navigiert Sie pr\u00e4zise zu verifizierten Lieferanten aus dem PSI Netzwerk, deren aktuelle Werbemittel und Services zu Ihren Anforderungen passen.<\/p>\n<p><strong>Als Werbeartikellieferant <\/strong>beinhaltet Ihre PSI Mitgliedschaft einen Eintrag in den Supplier Finder. Der hybride Datenpool listet Sie als zertifizierten H\u00e4ndler und unterst\u00fctzt Sie als Mitglied nachhaltig bei der Partner- und Kundenakquise. Nutzen Sie die Chance, bei der Werbeartikel-Produktsuche als passender Lieferant schnell gefunden und vom PSI Sourcing Team empfohlen zu werden.<\/p>\n<p><strong>Als Werbeartikelh\u00e4ndler <\/strong>erhalten Sie im Rahmen Ihrer Mitgliedschaft exklusiv Zugriff auf den gedruckten und virtuellen Supplier Finder. Der sorgf\u00e4ltig gepflegte Datenpool bietet Ihnen eine aktuelle \u00dcbersicht potenzieller Lieferanten. Diese sind nach Produktkategorien, Zertifikaten und Alphabet sortiert. Als Indikatoren f\u00fcr eine Passung dienen Ihnen Unternehmensdaten wie der Firmensitz und eine Auskunft \u00fcber die Dauer der bestehenden PSI Mitgliedschaft.<\/p>\n                                                                                                                <a class=\"btn btn-secondary\" href=\"https:\/\/psiproductfinder.de\/supplierfinder \" target=\"_blank\">\r\n                                            Zum Supplier Finder                                             <i class=\"icon-arrow-alt-circle-right-regular\"><\/i>\r\n                                        <\/a>\r\n                                                                    <\/div>\r\n                                                                    <figure>\r\n                                        <picture>\r\n                                            <source srcset=\"https:\/\/psi-network.de\/content\/uploads\/2021\/04\/PSI-Supplier-Finder_1-720x433.jpg\" media=\"(min-width: 1200px)\">\r\n                                            <source srcset=\"https:\/\/psi-network.de\/content\/uploads\/2021\/04\/PSI-Supplier-Finder_1-720x433.jpg\" media=\"(min-width: 992px)\">\r\n                                            <source srcset=\"https:\/\/psi-network.de\/content\/uploads\/2021\/04\/PSI-Supplier-Finder_1-720x433.jpg\" media=\"(min-width: 768px)\">\r\n                                            <img srcset=\"https:\/\/psi-network.de\/content\/uploads\/2021\/04\/PSI-Supplier-Finder_1-720x433.jpg\" class=\"img-fluid\" \/>\r\n                                        <\/picture>\r\n                                    <\/figure>\r\n                                                            <\/div>\r\n                        <\/div>\r\n                                    <\/div>\r\n            <\/div>\r\n        <\/div>\r\n    <\/div>\r\n","protected":false},"excerpt":{"rendered":"","protected":false},"author":32,"featured_media":0,"parent":0,"menu_order":0,"comment_status":"closed","ping_status":"closed","template":"","meta":{"_acf_changed":false,"footnotes":""},"class_list":["post-14169","page","type-page","status-publish","hentry"],"acf":[],"yoast_head":"<!-- This site is optimized with the Yoast SEO plugin v27.3 - https:\/\/yoast.com\/product\/yoast-seo-wordpress\/ -->\n<title>Tools &amp; Dienstleistungen - PSI Network<\/title>\n<meta name=\"robots\" content=\"index, follow, max-snippet:-1, max-image-preview:large, max-video-preview:-1\" \/>\n<link rel=\"canonical\" href=\"https:\/\/psi-network.de\/tools\/\" \/>\n<meta property=\"og:locale\" content=\"en_US\" \/>\n<meta property=\"og:type\" content=\"article\" \/>\n<meta property=\"og:title\" content=\"Tools &amp; Dienstleistungen - PSI Network\" \/>\n<meta property=\"og:url\" content=\"https:\/\/psi-network.de\/tools\/\" \/>\n<meta property=\"og:site_name\" content=\"PSI Network\" \/>\n<meta property=\"article:modified_time\" content=\"2025-09-01T03:17:34+00:00\" \/>\n<meta name=\"twitter:card\" content=\"summary_large_image\" \/>\n<script type=\"application\/ld+json\" class=\"yoast-schema-graph\">{\"@context\":\"https:\\\/\\\/schema.org\",\"@graph\":[{\"@type\":\"WebPage\",\"@id\":\"https:\\\/\\\/psi-network.de\\\/tools\\\/\",\"url\":\"https:\\\/\\\/psi-network.de\\\/tools\\\/\",\"name\":\"Tools & Dienstleistungen - PSI Network\",\"isPartOf\":{\"@id\":\"https:\\\/\\\/psi-network.de\\\/#website\"},\"datePublished\":\"2022-05-05T11:21:11+00:00\",\"dateModified\":\"2025-09-01T03:17:34+00:00\",\"breadcrumb\":{\"@id\":\"https:\\\/\\\/psi-network.de\\\/tools\\\/#breadcrumb\"},\"inLanguage\":\"en-US\",\"potentialAction\":[{\"@type\":\"ReadAction\",\"target\":[\"https:\\\/\\\/psi-network.de\\\/tools\\\/\"]}]},{\"@type\":\"BreadcrumbList\",\"@id\":\"https:\\\/\\\/psi-network.de\\\/tools\\\/#breadcrumb\",\"itemListElement\":[{\"@type\":\"ListItem\",\"position\":1,\"name\":\"Startseite\",\"item\":\"https:\\\/\\\/psi-network.de\\\/en\\\/\"},{\"@type\":\"ListItem\",\"position\":2,\"name\":\"Tools &#038; Dienstleistungen\"}]},{\"@type\":\"WebSite\",\"@id\":\"https:\\\/\\\/psi-network.de\\\/#website\",\"url\":\"https:\\\/\\\/psi-network.de\\\/\",\"name\":\"PSI Network\",\"description\":\"Die Welt des Werbens und Verkaufens\",\"publisher\":{\"@id\":\"https:\\\/\\\/psi-network.de\\\/#organization\"},\"potentialAction\":[{\"@type\":\"SearchAction\",\"target\":{\"@type\":\"EntryPoint\",\"urlTemplate\":\"https:\\\/\\\/psi-network.de\\\/?s={search_term_string}\"},\"query-input\":{\"@type\":\"PropertyValueSpecification\",\"valueRequired\":true,\"valueName\":\"search_term_string\"}}],\"inLanguage\":\"en-US\"},{\"@type\":\"Organization\",\"@id\":\"https:\\\/\\\/psi-network.de\\\/#organization\",\"name\":\"PSI Network\",\"url\":\"https:\\\/\\\/psi-network.de\\\/\",\"logo\":{\"@type\":\"ImageObject\",\"inLanguage\":\"en-US\",\"@id\":\"https:\\\/\\\/psi-network.de\\\/#\\\/schema\\\/logo\\\/image\\\/\",\"url\":\"https:\\\/\\\/psi-network.de\\\/content\\\/uploads\\\/2019\\\/11\\\/cropped-Planet-Advertising-2.jpg\",\"contentUrl\":\"https:\\\/\\\/psi-network.de\\\/content\\\/uploads\\\/2019\\\/11\\\/cropped-Planet-Advertising-2.jpg\",\"width\":600,\"height\":600,\"caption\":\"PSI Network\"},\"image\":{\"@id\":\"https:\\\/\\\/psi-network.de\\\/#\\\/schema\\\/logo\\\/image\\\/\"}}]}<\/script>\n<!-- \/ Yoast SEO plugin. -->","yoast_head_json":{"title":"Tools & Dienstleistungen - PSI Network","robots":{"index":"index","follow":"follow","max-snippet":"max-snippet:-1","max-image-preview":"max-image-preview:large","max-video-preview":"max-video-preview:-1"},"canonical":"https:\/\/psi-network.de\/tools\/","og_locale":"en_US","og_type":"article","og_title":"Tools & Dienstleistungen - PSI Network","og_url":"https:\/\/psi-network.de\/tools\/","og_site_name":"PSI Network","article_modified_time":"2025-09-01T03:17:34+00:00","twitter_card":"summary_large_image","schema":{"@context":"https:\/\/schema.org","@graph":[{"@type":"WebPage","@id":"https:\/\/psi-network.de\/tools\/","url":"https:\/\/psi-network.de\/tools\/","name":"Tools & Dienstleistungen - PSI Network","isPartOf":{"@id":"https:\/\/psi-network.de\/#website"},"datePublished":"2022-05-05T11:21:11+00:00","dateModified":"2025-09-01T03:17:34+00:00","breadcrumb":{"@id":"https:\/\/psi-network.de\/tools\/#breadcrumb"},"inLanguage":"en-US","potentialAction":[{"@type":"ReadAction","target":["https:\/\/psi-network.de\/tools\/"]}]},{"@type":"BreadcrumbList","@id":"https:\/\/psi-network.de\/tools\/#breadcrumb","itemListElement":[{"@type":"ListItem","position":1,"name":"Startseite","item":"https:\/\/psi-network.de\/en\/"},{"@type":"ListItem","position":2,"name":"Tools &#038; Dienstleistungen"}]},{"@type":"WebSite","@id":"https:\/\/psi-network.de\/#website","url":"https:\/\/psi-network.de\/","name":"PSI Network","description":"Die Welt des Werbens und Verkaufens","publisher":{"@id":"https:\/\/psi-network.de\/#organization"},"potentialAction":[{"@type":"SearchAction","target":{"@type":"EntryPoint","urlTemplate":"https:\/\/psi-network.de\/?s={search_term_string}"},"query-input":{"@type":"PropertyValueSpecification","valueRequired":true,"valueName":"search_term_string"}}],"inLanguage":"en-US"},{"@type":"Organization","@id":"https:\/\/psi-network.de\/#organization","name":"PSI Network","url":"https:\/\/psi-network.de\/","logo":{"@type":"ImageObject","inLanguage":"en-US","@id":"https:\/\/psi-network.de\/#\/schema\/logo\/image\/","url":"https:\/\/psi-network.de\/content\/uploads\/2019\/11\/cropped-Planet-Advertising-2.jpg","contentUrl":"https:\/\/psi-network.de\/content\/uploads\/2019\/11\/cropped-Planet-Advertising-2.jpg","width":600,"height":600,"caption":"PSI Network"},"image":{"@id":"https:\/\/psi-network.de\/#\/schema\/logo\/image\/"}}]}},"_links":{"self":[{"href":"https:\/\/psi-network.de\/en\/wp-json\/wp\/v2\/pages\/14169","targetHints":{"allow":["GET"]}}],"collection":[{"href":"https:\/\/psi-network.de\/en\/wp-json\/wp\/v2\/pages"}],"about":[{"href":"https:\/\/psi-network.de\/en\/wp-json\/wp\/v2\/types\/page"}],"author":[{"embeddable":true,"href":"https:\/\/psi-network.de\/en\/wp-json\/wp\/v2\/users\/32"}],"replies":[{"embeddable":true,"href":"https:\/\/psi-network.de\/en\/wp-json\/wp\/v2\/comments?post=14169"}],"version-history":[{"count":33,"href":"https:\/\/psi-network.de\/en\/wp-json\/wp\/v2\/pages\/14169\/revisions"}],"predecessor-version":[{"id":40586,"href":"https:\/\/psi-network.de\/en\/wp-json\/wp\/v2\/pages\/14169\/revisions\/40586"}],"wp:attachment":[{"href":"https:\/\/psi-network.de\/en\/wp-json\/wp\/v2\/media?parent=14169"}],"curies":[{"name":"wp","href":"https:\/\/api.w.org\/{rel}","templated":true}]}}