{"id":29274,"date":"2022-12-21T11:53:07","date_gmt":"2022-12-21T10:53:07","guid":{"rendered":"https:\/\/migrate.psi-network.de\/network\/"},"modified":"2022-12-21T11:53:08","modified_gmt":"2022-12-21T10:53:08","slug":"network","status":"publish","type":"page","link":"https:\/\/psi-network.de\/en\/network\/","title":{"rendered":"Network"},"content":{"rendered":"\n<figure class=\"wp-block-image size-full\"><img loading=\"lazy\" decoding=\"async\" width=\"1\" height=\"1\" src=\"https:\/\/migrate.psi-network.de\/content\/uploads\/2022\/05\/image.gif\" alt=\"\" class=\"wp-image-14187\" title=\"Weiterlesen &#x2026;\"\/><\/figure>    <div class=\"content content--pad-xxl\">\r\n        <div class=\"content__wrapper\">\r\n            <div class=\"row flex-column-reverse flex-lg-row\">\r\n                <div class=\"col-12 col-lg-7 col-xl-8\">\r\n                    <div class=\"heading heading--sub-upper\">\r\n                                                    <h3 class=\"heading__subtitle\">Willkommen beim PSI<\/h3>\r\n                                                                            <h1 class=\"heading__title\">Das Netzwerk<\/h1>\r\n                                            <\/div>\r\n                                            <div class=\"my-xl\">\r\n                            <p style=\"text-align: left;\">Das Promotional Product Service Institute (PSI) ist mit seinen 6.000 Mitgliedern das gr\u00f6\u00dfte Unternehmensnetzwerk der Werbeartikelwirtschaft in Europa. Die Mitgliedsunternehmen sind Hersteller, Importeure, H\u00e4ndler, Berater und Agenturen. Seit \u00fcber 60 Jahren unterst\u00fctzt das PSI mit Sitz in D\u00fcsseldorf seine Mitglieder in den unterschiedlichsten Bereichen, um den t\u00e4glichen Herausforderungen erfolgreich begegnen zu k\u00f6nnen. Zentrale Leistungen sind: Zugang zur gr\u00f6\u00dften Werbeartikelmesse Europas, elektronische und pers\u00f6nliche Produktrecherche, diverse Online-Dienste, Netzwerkplattform, Weiterbildung, aktuellste Nachrichten. Es sind diese Services, die wertvolle Marktzug\u00e4nge schaffen und Unternehmen erfolgreicher machen.<\/p>\n                        <\/div>\r\n                                        <div class=\"btn-group\">\r\n                                                    <a href=\"https:\/\/migrate.psi-network.de\/gute-gruende-fuer-das-psi\/\"  class=\"btn btn-lg btn-light mr-default\">\r\n                                GOOD REASONS FOR YOUR MEMBERSHIP                            <\/a>\r\n                                                                            <a href=\"#sectionSubscriptions\" class=\"btn btn-lg btn-secondary\">\r\n                                Become a PSI member now                                <!--add text--->\r\n                            <\/a>\r\n                                            <\/div>\r\n                                    <\/div>\r\n                    <div class=\"col-12 col-lg-5 col-xl-4 mb-xl mb-lg-none text-center\">\r\n                    <img decoding=\"async\" src=\"https:\/\/psi-network.de\/content\/uploads\/2021\/12\/psi.svg\" class=\"img-fluid\" alt=\"psi\" \/>\r\n                <\/div>\r\n                <\/div>\r\n        <\/div>\r\n    <\/div>\r\n    <div class=\"alignfull\">\r\n        <div class=\"content content--raw\">\r\n            <div class=\"content__wrapper\">\r\n                <div class=\"teaser-list teaser-list--horizontal\">\r\n                                            <div class=\"teaser-list__item\" id=\"psi-teaser-1\">\r\n                                                        <div class=\"teaser-list__item-wrapper\">\r\n                                <div class=\"teaser-list__content\">\r\n                                                                            <h2 style=\"text-align: left;\">Starke Partner des PSI<\/h2>\n<p style=\"text-align: left;\">Wir pflegen enge Gesch\u00e4ftsbeziehungen zu mehr als 20 handverlesenen Partnern in Europa.<\/p>\n<p style=\"text-align: left;\">Sie sind an einer Partnerschaft mit dem Promotional Product Service Institute (PSI) interessiert und m\u00f6chten mit uns individuelle Projekte erfolgreich umsetzen? Dann wenden Sie sich an <a href=\"mailto:liza.stollwerk@rxglobal.com\">Liza Stollwerk<\/a>.<\/p>\n                                                                                                                <a class=\"btn btn-secondary\" href=\"https:\/\/www.psi-messe.com\/de-de\/medien\/partner.html \" target=\"_blank\">\r\n                                            \u00dcbersicht \u00fcber die Partner der PSI                                             <i class=\"icon-arrow-alt-circle-right-regular\"><\/i>\r\n                                        <\/a>\r\n                                                                    <\/div>\r\n                                                                    <figure>\r\n                                        <picture>\r\n                                            <source srcset=\"https:\/\/psi-network.de\/content\/uploads\/2021\/12\/psi.svg\" media=\"(min-width: 1200px)\">\r\n                                            <source srcset=\"https:\/\/psi-network.de\/content\/uploads\/2021\/12\/psi.svg\" media=\"(min-width: 992px)\">\r\n                                            <source srcset=\"https:\/\/psi-network.de\/content\/uploads\/2021\/12\/psi.svg\" media=\"(min-width: 768px)\">\r\n                                            <img srcset=\"https:\/\/psi-network.de\/content\/uploads\/2021\/12\/psi.svg\" class=\"img-fluid\" \/>\r\n                                        <\/picture>\r\n                                    <\/figure>\r\n                                                            <\/div>\r\n                        <\/div>\r\n                                            <div class=\"teaser-list__item\" id=\"psi-teaser-2\">\r\n                                                        <div class=\"teaser-list__item-wrapper\">\r\n                                <div class=\"teaser-list__content\">\r\n                                                                            <h2 style=\"text-align: left;\">Jobb\u00f6rse: <strong>Die Besten f\u00fcrs Business<\/strong><\/h2>\n<p style=\"text-align: left;\">Ob Personaler oder Bewerber: Sie sind auf der Suche? Unsere Jobb\u00f6rse vernetzt Sie innerhalb des PSI-Netzwerks mit kompetenten Fachkr\u00e4ften und attraktiven Arbeitgebern.<\/p>\n                                                                                                                <a class=\"btn btn-secondary\" href=\"https:\/\/migrate.psi-network.de\/jobboerse\/\" target=\"_self\">\r\n                                            Zur Jobb\u00f6rse                                            <i class=\"icon-arrow-alt-circle-right-regular\"><\/i>\r\n                                        <\/a>\r\n                                                                    <\/div>\r\n                                                                    <figure>\r\n                                        <picture>\r\n                                            <source srcset=\"https:\/\/psi-network.de\/content\/uploads\/2021\/01\/WDWUV_Jobboerse_201022-720x450.png\" media=\"(min-width: 1200px)\">\r\n                                            <source srcset=\"https:\/\/psi-network.de\/content\/uploads\/2021\/01\/WDWUV_Jobboerse_201022-720x450.png\" media=\"(min-width: 992px)\">\r\n                                            <source srcset=\"https:\/\/psi-network.de\/content\/uploads\/2021\/01\/WDWUV_Jobboerse_201022-720x450.png\" media=\"(min-width: 768px)\">\r\n                                            <img srcset=\"https:\/\/psi-network.de\/content\/uploads\/2021\/01\/WDWUV_Jobboerse_201022-720x450.png\" class=\"img-fluid\" \/>\r\n                                        <\/picture>\r\n                                    <\/figure>\r\n                                                            <\/div>\r\n                        <\/div>\r\n                                            <div class=\"teaser-list__item\" id=\"psi-teaser-3\">\r\n                                                        <div class=\"teaser-list__item-wrapper\">\r\n                                <div class=\"teaser-list__content\">\r\n                                                                            <h2 style=\"text-align: left;\">PSI Mindclub: Gro\u00dfe Themen, gute Gespr\u00e4che<\/h2>\n<p style=\"text-align: left;\">Selten zuvor hat sich so viel so schnell ver\u00e4ndert. In der Welt, in der Wirtschaft, in unserer Branche. Dar\u00fcber sollten wir reden \u2013 am besten im PSI MINDCLUB.<\/p>\n<p style=\"text-align: left;\">Hierzu laden wir mehrmals im Jahr ausgew\u00e4hlte PSI-Mitglieder direkt ein. Wenn auch Sie beim n\u00e4chsten PSI MINDCLUB dabei sein wollen, sprechen Sie uns bitte direkt an. Ihre Ansprechpartnerin Liza Stollwerk freut sich auf Ihre Anfrage!<\/p>\n                                                                                                                <a class=\"btn btn-secondary\" href=\"mailto:liza.stollwerk@rxglobal.com\" target=\"_self\">\r\n                                            Jetzt Kontakt aufnehmen                                            <i class=\"icon-arrow-alt-circle-right-regular\"><\/i>\r\n                                        <\/a>\r\n                                                                    <\/div>\r\n                                                                    <figure>\r\n                                        <picture>\r\n                                            <source srcset=\"https:\/\/psi-network.de\/content\/uploads\/2021\/12\/psi.svg\" media=\"(min-width: 1200px)\">\r\n                                            <source srcset=\"https:\/\/psi-network.de\/content\/uploads\/2021\/12\/psi.svg\" media=\"(min-width: 992px)\">\r\n                                            <source srcset=\"https:\/\/psi-network.de\/content\/uploads\/2021\/12\/psi.svg\" media=\"(min-width: 768px)\">\r\n                                            <img srcset=\"https:\/\/psi-network.de\/content\/uploads\/2021\/12\/psi.svg\" class=\"img-fluid\" \/>\r\n                                        <\/picture>\r\n                                    <\/figure>\r\n                                                            <\/div>\r\n                        <\/div>\r\n                                            <div class=\"teaser-list__item\" id=\"psi-teaser-4\">\r\n                                                        <div class=\"teaser-list__item-wrapper\">\r\n                                <div class=\"teaser-list__content\">\r\n                                                                            <h2 style=\"text-align: left;\">PSI-Team: Was k\u00f6nnen wir f\u00fcr Sie tun?<\/h2>\n<p style=\"text-align: left;\">F\u00fcr jede Aufgabe der richtige Ansprechpartner: Hier finden Sie f\u00fcr jedes Ihrer Anliegen immer genau den PSI-Mitarbeiter, der Ihnen am schnellsten pers\u00f6nlich weiterhelfen kann.<\/p>\n<p style=\"text-align: left;\">Wir freuen uns auf Ihre Fragen.<\/p>\n                                                                                                                <a class=\"btn btn-secondary\" href=\"https:\/\/migrate.psi-network.de\/das-psi-team\/\" target=\"_self\">\r\n                                            Ihre Ansprechpartner beim PSI                                            <i class=\"icon-arrow-alt-circle-right-regular\"><\/i>\r\n                                        <\/a>\r\n                                                                    <\/div>\r\n                                                                    <figure>\r\n                                        <picture>\r\n                                            <source srcset=\"https:\/\/psi-network.de\/content\/uploads\/2021\/12\/psi.svg\" media=\"(min-width: 1200px)\">\r\n                                            <source srcset=\"https:\/\/psi-network.de\/content\/uploads\/2021\/12\/psi.svg\" media=\"(min-width: 992px)\">\r\n                                            <source srcset=\"https:\/\/psi-network.de\/content\/uploads\/2021\/12\/psi.svg\" media=\"(min-width: 768px)\">\r\n                                            <img srcset=\"https:\/\/psi-network.de\/content\/uploads\/2021\/12\/psi.svg\" class=\"img-fluid\" \/>\r\n                                        <\/picture>\r\n                                    <\/figure>\r\n                                                            <\/div>\r\n                        <\/div>\r\n                                    <\/div>\r\n            <\/div>\r\n        <\/div>\r\n    <\/div>\r\n","protected":false},"excerpt":{"rendered":"","protected":false},"author":32,"featured_media":0,"parent":0,"menu_order":0,"comment_status":"closed","ping_status":"closed","template":"","meta":{"_acf_changed":false,"footnotes":""},"class_list":["post-29274","page","type-page","status-publish","hentry"],"acf":[],"yoast_head":"<!-- This site is optimized with the Yoast SEO plugin v27.5 - https:\/\/yoast.com\/product\/yoast-seo-wordpress\/ -->\n<title>Network - PSI Network<\/title>\n<meta name=\"robots\" content=\"index, follow, max-snippet:-1, max-image-preview:large, max-video-preview:-1\" \/>\n<link rel=\"canonical\" href=\"https:\/\/psi-network.de\/en\/network\/\" \/>\n<meta property=\"og:locale\" content=\"en_US\" \/>\n<meta property=\"og:type\" content=\"article\" \/>\n<meta property=\"og:title\" content=\"Network - PSI Network\" \/>\n<meta property=\"og:url\" content=\"https:\/\/psi-network.de\/en\/network\/\" \/>\n<meta property=\"og:site_name\" content=\"PSI Network\" \/>\n<meta property=\"article:modified_time\" content=\"2022-12-21T10:53:08+00:00\" \/>\n<meta property=\"og:image\" content=\"https:\/\/migrate.psi-network.de\/content\/uploads\/2022\/05\/image.gif\" \/>\n<meta name=\"twitter:card\" content=\"summary_large_image\" \/>\n<script type=\"application\/ld+json\" class=\"yoast-schema-graph\">{\"@context\":\"https:\\\/\\\/schema.org\",\"@graph\":[{\"@type\":\"WebPage\",\"@id\":\"https:\\\/\\\/psi-network.de\\\/en\\\/network\\\/\",\"url\":\"https:\\\/\\\/psi-network.de\\\/en\\\/network\\\/\",\"name\":\"Network - PSI Network\",\"isPartOf\":{\"@id\":\"https:\\\/\\\/psi-network.de\\\/#website\"},\"primaryImageOfPage\":{\"@id\":\"https:\\\/\\\/psi-network.de\\\/en\\\/network\\\/#primaryimage\"},\"image\":{\"@id\":\"https:\\\/\\\/psi-network.de\\\/en\\\/network\\\/#primaryimage\"},\"thumbnailUrl\":\"https:\\\/\\\/migrate.psi-network.de\\\/content\\\/uploads\\\/2022\\\/05\\\/image.gif\",\"datePublished\":\"2022-12-21T10:53:07+00:00\",\"dateModified\":\"2022-12-21T10:53:08+00:00\",\"breadcrumb\":{\"@id\":\"https:\\\/\\\/psi-network.de\\\/en\\\/network\\\/#breadcrumb\"},\"inLanguage\":\"en-US\",\"potentialAction\":[{\"@type\":\"ReadAction\",\"target\":[\"https:\\\/\\\/psi-network.de\\\/en\\\/network\\\/\"]}]},{\"@type\":\"ImageObject\",\"inLanguage\":\"en-US\",\"@id\":\"https:\\\/\\\/psi-network.de\\\/en\\\/network\\\/#primaryimage\",\"url\":\"https:\\\/\\\/migrate.psi-network.de\\\/content\\\/uploads\\\/2022\\\/05\\\/image.gif\",\"contentUrl\":\"https:\\\/\\\/migrate.psi-network.de\\\/content\\\/uploads\\\/2022\\\/05\\\/image.gif\"},{\"@type\":\"BreadcrumbList\",\"@id\":\"https:\\\/\\\/psi-network.de\\\/en\\\/network\\\/#breadcrumb\",\"itemListElement\":[{\"@type\":\"ListItem\",\"position\":1,\"name\":\"Startseite\",\"item\":\"https:\\\/\\\/psi-network.de\\\/en\\\/\"},{\"@type\":\"ListItem\",\"position\":2,\"name\":\"Network\"}]},{\"@type\":\"WebSite\",\"@id\":\"https:\\\/\\\/psi-network.de\\\/#website\",\"url\":\"https:\\\/\\\/psi-network.de\\\/\",\"name\":\"PSI Network\",\"description\":\"Die Welt des Werbens und Verkaufens\",\"publisher\":{\"@id\":\"https:\\\/\\\/psi-network.de\\\/#organization\"},\"potentialAction\":[{\"@type\":\"SearchAction\",\"target\":{\"@type\":\"EntryPoint\",\"urlTemplate\":\"https:\\\/\\\/psi-network.de\\\/?s={search_term_string}\"},\"query-input\":{\"@type\":\"PropertyValueSpecification\",\"valueRequired\":true,\"valueName\":\"search_term_string\"}}],\"inLanguage\":\"en-US\"},{\"@type\":\"Organization\",\"@id\":\"https:\\\/\\\/psi-network.de\\\/#organization\",\"name\":\"PSI Network\",\"url\":\"https:\\\/\\\/psi-network.de\\\/\",\"logo\":{\"@type\":\"ImageObject\",\"inLanguage\":\"en-US\",\"@id\":\"https:\\\/\\\/psi-network.de\\\/#\\\/schema\\\/logo\\\/image\\\/\",\"url\":\"https:\\\/\\\/psi-network.de\\\/content\\\/uploads\\\/2019\\\/11\\\/cropped-Planet-Advertising-2.jpg\",\"contentUrl\":\"https:\\\/\\\/psi-network.de\\\/content\\\/uploads\\\/2019\\\/11\\\/cropped-Planet-Advertising-2.jpg\",\"width\":600,\"height\":600,\"caption\":\"PSI Network\"},\"image\":{\"@id\":\"https:\\\/\\\/psi-network.de\\\/#\\\/schema\\\/logo\\\/image\\\/\"}}]}<\/script>\n<!-- \/ Yoast SEO plugin. -->","yoast_head_json":{"title":"Network - PSI Network","robots":{"index":"index","follow":"follow","max-snippet":"max-snippet:-1","max-image-preview":"max-image-preview:large","max-video-preview":"max-video-preview:-1"},"canonical":"https:\/\/psi-network.de\/en\/network\/","og_locale":"en_US","og_type":"article","og_title":"Network - PSI Network","og_url":"https:\/\/psi-network.de\/en\/network\/","og_site_name":"PSI Network","article_modified_time":"2022-12-21T10:53:08+00:00","og_image":[{"url":"https:\/\/migrate.psi-network.de\/content\/uploads\/2022\/05\/image.gif","type":"","width":"","height":""}],"twitter_card":"summary_large_image","schema":{"@context":"https:\/\/schema.org","@graph":[{"@type":"WebPage","@id":"https:\/\/psi-network.de\/en\/network\/","url":"https:\/\/psi-network.de\/en\/network\/","name":"Network - PSI Network","isPartOf":{"@id":"https:\/\/psi-network.de\/#website"},"primaryImageOfPage":{"@id":"https:\/\/psi-network.de\/en\/network\/#primaryimage"},"image":{"@id":"https:\/\/psi-network.de\/en\/network\/#primaryimage"},"thumbnailUrl":"https:\/\/migrate.psi-network.de\/content\/uploads\/2022\/05\/image.gif","datePublished":"2022-12-21T10:53:07+00:00","dateModified":"2022-12-21T10:53:08+00:00","breadcrumb":{"@id":"https:\/\/psi-network.de\/en\/network\/#breadcrumb"},"inLanguage":"en-US","potentialAction":[{"@type":"ReadAction","target":["https:\/\/psi-network.de\/en\/network\/"]}]},{"@type":"ImageObject","inLanguage":"en-US","@id":"https:\/\/psi-network.de\/en\/network\/#primaryimage","url":"https:\/\/migrate.psi-network.de\/content\/uploads\/2022\/05\/image.gif","contentUrl":"https:\/\/migrate.psi-network.de\/content\/uploads\/2022\/05\/image.gif"},{"@type":"BreadcrumbList","@id":"https:\/\/psi-network.de\/en\/network\/#breadcrumb","itemListElement":[{"@type":"ListItem","position":1,"name":"Startseite","item":"https:\/\/psi-network.de\/en\/"},{"@type":"ListItem","position":2,"name":"Network"}]},{"@type":"WebSite","@id":"https:\/\/psi-network.de\/#website","url":"https:\/\/psi-network.de\/","name":"PSI Network","description":"Die Welt des Werbens und Verkaufens","publisher":{"@id":"https:\/\/psi-network.de\/#organization"},"potentialAction":[{"@type":"SearchAction","target":{"@type":"EntryPoint","urlTemplate":"https:\/\/psi-network.de\/?s={search_term_string}"},"query-input":{"@type":"PropertyValueSpecification","valueRequired":true,"valueName":"search_term_string"}}],"inLanguage":"en-US"},{"@type":"Organization","@id":"https:\/\/psi-network.de\/#organization","name":"PSI Network","url":"https:\/\/psi-network.de\/","logo":{"@type":"ImageObject","inLanguage":"en-US","@id":"https:\/\/psi-network.de\/#\/schema\/logo\/image\/","url":"https:\/\/psi-network.de\/content\/uploads\/2019\/11\/cropped-Planet-Advertising-2.jpg","contentUrl":"https:\/\/psi-network.de\/content\/uploads\/2019\/11\/cropped-Planet-Advertising-2.jpg","width":600,"height":600,"caption":"PSI Network"},"image":{"@id":"https:\/\/psi-network.de\/#\/schema\/logo\/image\/"}}]}},"_links":{"self":[{"href":"https:\/\/psi-network.de\/en\/wp-json\/wp\/v2\/pages\/29274","targetHints":{"allow":["GET"]}}],"collection":[{"href":"https:\/\/psi-network.de\/en\/wp-json\/wp\/v2\/pages"}],"about":[{"href":"https:\/\/psi-network.de\/en\/wp-json\/wp\/v2\/types\/page"}],"author":[{"embeddable":true,"href":"https:\/\/psi-network.de\/en\/wp-json\/wp\/v2\/users\/32"}],"replies":[{"embeddable":true,"href":"https:\/\/psi-network.de\/en\/wp-json\/wp\/v2\/comments?post=29274"}],"version-history":[{"count":1,"href":"https:\/\/psi-network.de\/en\/wp-json\/wp\/v2\/pages\/29274\/revisions"}],"predecessor-version":[{"id":29275,"href":"https:\/\/psi-network.de\/en\/wp-json\/wp\/v2\/pages\/29274\/revisions\/29275"}],"wp:attachment":[{"href":"https:\/\/psi-network.de\/en\/wp-json\/wp\/v2\/media?parent=29274"}],"curies":[{"name":"wp","href":"https:\/\/api.w.org\/{rel}","templated":true}]}}