{"id":29276,"date":"2022-12-21T11:53:48","date_gmt":"2022-12-21T10:53:48","guid":{"rendered":"https:\/\/migrate.psi-network.de\/events\/"},"modified":"2022-12-21T11:53:48","modified_gmt":"2022-12-21T10:53:48","slug":"events","status":"publish","type":"page","link":"https:\/\/psi-network.de\/en\/events\/","title":{"rendered":"Events"},"content":{"rendered":"    <div class=\"alignfull\">\r\n        <div class=\"content content--raw\">\r\n            <div class=\"content__wrapper\">\r\n                <div class=\"teaser-list teaser-list--horizontal\">\r\n                                            <div class=\"teaser-list__item\" id=\"psi-teaser-1\">\r\n                                                        <div class=\"teaser-list__item-wrapper\">\r\n                                <div class=\"teaser-list__content\">\r\n                                                                            <h2>PSI Messe 2023 \u2013 Sei dabei!<\/h2>\n<p>Voller Zuversicht und mit neuen Konzepten gehen die Macher der gr\u00f6\u00dften Messe der Werbeartikelwirtschaft in Europa an die Vorbereitungen f\u00fcr die Veranstaltung im April 2022 in D\u00fcsseldorf. Obwohl oder gerade weil Covid-19 die ganze Messelandschaft \u00fcber ein Jahr lahm gelegt hat wird diese schnell wieder aufbl\u00fchen wenn die Rahmenbedingungen stimmen. Davon ist man in D\u00fcsseldorf \u00fcberzeugt und deshalb werden alle Segel in Richtung Leitmesse in 2022 gesetzt.<\/p>\n                                                                                                                <a class=\"btn btn-secondary\" href=\"https:\/\/www.psi-messe.com\/de-de\/tickets.html\" target=\"_blank\">\r\n                                            Jetzt Tickets sichern!                                            <i class=\"icon-arrow-alt-circle-right-regular\"><\/i>\r\n                                        <\/a>\r\n                                                                    <\/div>\r\n                                                                    <figure>\r\n                                        <picture>\r\n                                            <source srcset=\"https:\/\/psi-network.de\/content\/uploads\/2022\/03\/PSI_April_540x350px_D_220126.jpg\" media=\"(min-width: 1200px)\">\r\n                                            <source srcset=\"https:\/\/psi-network.de\/content\/uploads\/2022\/03\/PSI_April_540x350px_D_220126.jpg\" media=\"(min-width: 992px)\">\r\n                                            <source srcset=\"https:\/\/psi-network.de\/content\/uploads\/2022\/03\/PSI_April_540x350px_D_220126.jpg\" media=\"(min-width: 768px)\">\r\n                                            <img srcset=\"https:\/\/psi-network.de\/content\/uploads\/2022\/03\/PSI_April_540x350px_D_220126.jpg\" class=\"img-fluid\" \/>\r\n                                        <\/picture>\r\n                                    <\/figure>\r\n                                                            <\/div>\r\n                        <\/div>\r\n                                            <div class=\"teaser-list__item\" id=\"psi-teaser-2\">\r\n                                                        <div class=\"teaser-list__item-wrapper\">\r\n                                <div class=\"teaser-list__content\">\r\n                                                                            <h2>PSI Sustainability Awards 2022<\/h2>\n<p>Sie sind mittlerweile eine der bedeutendsten Nachhaltigkeits-Preise und jetzt starten wir mit vielen spannenden Neuerungen in die Ausschreibung. Da ist die zunehmende internationale Bedeutung. Ihr wird Rechnung getragen durch eine neue internationale Jury aus Nachhaltigkeits-Experten und internationalen Verbandsvertretern.<\/p>\n<p>Wir wollen uns wieder pers\u00f6nlich zur Preisverleihung treffen. Nach einer digitalen Gala im Jahr 2021, stehen am 27. April 2022 die Rheinterassen in D\u00fcsseldorf als Austragungsort der Verleihung fest. Es wird wieder ein richtiger Galaabend werden!<\/p>\n<p>Die Teilnahme in den acht Kategorien wird einfacher. Mit der neuen Online-Plattform ist es so einfach wie nie die Einreichungsunterlagen hochzuladen und sich anzumelden.<\/p>\n                                                                                                                <a class=\"btn btn-secondary\" href=\"https:\/\/www.psi-awards.de\/\" target=\"_blank\">\r\n                                            Mehr \u00fcber die Awards erfahren                                             <i class=\"icon-arrow-alt-circle-right-regular\"><\/i>\r\n                                        <\/a>\r\n                                                                    <\/div>\r\n                                                                    <figure>\r\n                                        <picture>\r\n                                            <source srcset=\"https:\/\/psi-network.de\/content\/uploads\/2022\/03\/content_zeitfuerverantwortung_1170_550-720x450.jpg\" media=\"(min-width: 1200px)\">\r\n                                            <source srcset=\"https:\/\/psi-network.de\/content\/uploads\/2022\/03\/content_zeitfuerverantwortung_1170_550-720x450.jpg\" media=\"(min-width: 992px)\">\r\n                                            <source srcset=\"https:\/\/psi-network.de\/content\/uploads\/2022\/03\/content_zeitfuerverantwortung_1170_550-720x450.jpg\" media=\"(min-width: 768px)\">\r\n                                            <img srcset=\"https:\/\/psi-network.de\/content\/uploads\/2022\/03\/content_zeitfuerverantwortung_1170_550-720x450.jpg\" class=\"img-fluid\" \/>\r\n                                        <\/picture>\r\n                                    <\/figure>\r\n                                                            <\/div>\r\n                        <\/div>\r\n                                            <div class=\"teaser-list__item\" id=\"psi-teaser-3\">\r\n                                                        <div class=\"teaser-list__item-wrapper\">\r\n                                <div class=\"teaser-list__content\">\r\n                                                                            <h2>PSI DIGITAL FRIDAYS<\/h2>\n<p>Enjoy yourself during the PSI DIGITAL and the PSI DIGITAL FRIDAYS<br \/>\na versatile video program with exciting live demos and<br \/>\nSpecialist lectures &#8211; available at any time.<\/p>\n<div id=\"gtx-trans\" style=\"position: absolute; left: 264px; top: -6.28125px;\">\n<div class=\"gtx-trans-icon\"><\/div>\n<\/div>\n                                                                                                                <a class=\"btn btn-secondary\" href=\"\/psidigital\/\" target=\"_self\">\r\n                                            Am Digital Friday teilnehmen                                             <i class=\"icon-arrow-alt-circle-right-regular\"><\/i>\r\n                                        <\/a>\r\n                                                                    <\/div>\r\n                                                                    <figure>\r\n                                        <picture>\r\n                                            <source srcset=\"https:\/\/psi-network.de\/content\/uploads\/2021\/12\/psi.svg\" media=\"(min-width: 1200px)\">\r\n                                            <source srcset=\"https:\/\/psi-network.de\/content\/uploads\/2021\/12\/psi.svg\" media=\"(min-width: 992px)\">\r\n                                            <source srcset=\"https:\/\/psi-network.de\/content\/uploads\/2021\/12\/psi.svg\" media=\"(min-width: 768px)\">\r\n                                            <img srcset=\"https:\/\/psi-network.de\/content\/uploads\/2021\/12\/psi.svg\" class=\"img-fluid\" \/>\r\n                                        <\/picture>\r\n                                    <\/figure>\r\n                                                            <\/div>\r\n                        <\/div>\r\n                                            <div class=\"teaser-list__item\" id=\"psi-teaser-4\">\r\n                                                        <div class=\"teaser-list__item-wrapper\">\r\n                                <div class=\"teaser-list__content\">\r\n                                                                            <h2>Sourcing Schulungen<\/h2>\n<p>Lorem ipsum dolor sit amet, consetetur sadipscing elitr, sed diam nonumy eirmod tempor invidunt ut labore et dolore magna aliquyam erat, sed diam voluptua. At vero eos et accusam et justo duo dolores et ea rebum. Stet clita kasd gubergren, no sea takimata sanctus est Lorem ipsum dolor sit amet. Lorem ipsum dolor sit amet, consetetur sadipscing elitr, sed diam nonumy eirmod tempor invidunt ut labore et dolore magna aliquyam erat, sed diam voluptua. At vero eos et accusam et justo duo dolores et ea rebum. Stet clita kasd gubergren, no sea takimata sanctus est Lorem ipsum dolor sit amet.<\/p>\n                                                                                                                <a class=\"btn btn-secondary\" href=\"#\" target=\"_self\">\r\n                                            Jetzt kostenlose Schulung sichern                                            <i class=\"icon-arrow-alt-circle-right-regular\"><\/i>\r\n                                        <\/a>\r\n                                                                    <\/div>\r\n                                                                    <figure>\r\n                                        <picture>\r\n                                            <source srcset=\"https:\/\/psi-network.de\/content\/uploads\/2021\/07\/02-PSI-NL-Auftakt-7-720x450.png\" media=\"(min-width: 1200px)\">\r\n                                            <source srcset=\"https:\/\/psi-network.de\/content\/uploads\/2021\/07\/02-PSI-NL-Auftakt-7-720x450.png\" media=\"(min-width: 992px)\">\r\n                                            <source srcset=\"https:\/\/psi-network.de\/content\/uploads\/2021\/07\/02-PSI-NL-Auftakt-7-720x450.png\" media=\"(min-width: 768px)\">\r\n                                            <img srcset=\"https:\/\/psi-network.de\/content\/uploads\/2021\/07\/02-PSI-NL-Auftakt-7-720x450.png\" class=\"img-fluid\" \/>\r\n                                        <\/picture>\r\n                                    <\/figure>\r\n                                                            <\/div>\r\n                        <\/div>\r\n                                            <div class=\"teaser-list__item\" id=\"psi-teaser-5\">\r\n                                                        <div class=\"teaser-list__item-wrapper\">\r\n                                <div class=\"teaser-list__content\">\r\n                                                                            <h2>PSI Datencafe<\/h2>\n<p>Lorem ipsum dolor sit amet, consetetur sadipscing elitr, sed diam nonumy eirmod tempor invidunt ut labore et dolore magna aliquyam erat, sed diam voluptua. et.<\/p>\n<ul>\n<li>At vero eos et accusam et justo<\/li>\n<li>duo dolores et ea rebum. Stet clita<\/li>\n<li>kasd gubergren, no sea takimata<\/li>\n<\/ul>\n                                                                                                                <a class=\"btn btn-secondary\" href=\"#\" target=\"_self\">\r\n                                            Am Datencafe teilnehmen                                             <i class=\"icon-arrow-alt-circle-right-regular\"><\/i>\r\n                                        <\/a>\r\n                                                                    <\/div>\r\n                                                                    <figure>\r\n                                        <picture>\r\n                                            <source srcset=\"https:\/\/psi-network.de\/content\/uploads\/2020\/09\/Datencafe-720x450.png\" media=\"(min-width: 1200px)\">\r\n                                            <source srcset=\"https:\/\/psi-network.de\/content\/uploads\/2020\/09\/Datencafe-720x450.png\" media=\"(min-width: 992px)\">\r\n                                            <source srcset=\"https:\/\/psi-network.de\/content\/uploads\/2020\/09\/Datencafe-720x450.png\" media=\"(min-width: 768px)\">\r\n                                            <img srcset=\"https:\/\/psi-network.de\/content\/uploads\/2020\/09\/Datencafe-720x450.png\" class=\"img-fluid\" \/>\r\n                                        <\/picture>\r\n                                    <\/figure>\r\n                                                            <\/div>\r\n                        <\/div>\r\n                                            <div class=\"teaser-list__item\" id=\"psi-teaser-6\">\r\n                                                        <div class=\"teaser-list__item-wrapper\">\r\n                                <div class=\"teaser-list__content\">\r\n                                                                            <h2>Akademie f\u00fcr Textilveredelung<\/h2>\n<p>Lorem ipsum dolor sit amet, consetetur sadipscing elitr, sed diam nonumy eirmod tempor invidunt ut labore et dolore magna aliquyam erat, sed diam voluptua. At vero eos et accusam et justo duo dolores et ea rebum. Stet clita kasd gubergren, no sea takimata sanctus est Lorem ipsum dolor sit amet. Lorem ipsum dolor sit amet, consetetur sadipscing elitr, sed diam nonumy eirmod tempor invidunt ut labore et dolore magna aliquyam erat, sed diam voluptua.<\/p>\n                                                                                                                <a class=\"btn btn-secondary\" href=\"https:\/\/aka-tex.de\/veranstaltungen\" target=\"_blank\">\r\n                                            Zur Akademie                                            <i class=\"icon-arrow-alt-circle-right-regular\"><\/i>\r\n                                        <\/a>\r\n                                                                    <\/div>\r\n                                                                    <figure>\r\n                                        <picture>\r\n                                            <source srcset=\"https:\/\/psi-network.de\/content\/uploads\/2021\/02\/akatex_logo_Screen-720x450.png\" media=\"(min-width: 1200px)\">\r\n                                            <source srcset=\"https:\/\/psi-network.de\/content\/uploads\/2021\/02\/akatex_logo_Screen-720x450.png\" media=\"(min-width: 992px)\">\r\n                                            <source srcset=\"https:\/\/psi-network.de\/content\/uploads\/2021\/02\/akatex_logo_Screen-720x450.png\" media=\"(min-width: 768px)\">\r\n                                            <img srcset=\"https:\/\/psi-network.de\/content\/uploads\/2021\/02\/akatex_logo_Screen-720x450.png\" class=\"img-fluid\" \/>\r\n                                        <\/picture>\r\n                                    <\/figure>\r\n                                                            <\/div>\r\n                        <\/div>\r\n                                    <\/div>\r\n            <\/div>\r\n        <\/div>\r\n    <\/div>\r\n","protected":false},"excerpt":{"rendered":"","protected":false},"author":1,"featured_media":0,"parent":0,"menu_order":0,"comment_status":"closed","ping_status":"closed","template":"","meta":{"_acf_changed":false,"footnotes":""},"class_list":["post-29276","page","type-page","status-publish","hentry"],"acf":[],"yoast_head":"<!-- This site is optimized with the Yoast SEO plugin v27.3 - https:\/\/yoast.com\/product\/yoast-seo-wordpress\/ -->\n<title>Events - PSI Network<\/title>\n<meta name=\"robots\" content=\"index, follow, max-snippet:-1, max-image-preview:large, max-video-preview:-1\" \/>\n<link rel=\"canonical\" href=\"https:\/\/psi-network.de\/en\/events\/\" \/>\n<meta property=\"og:locale\" content=\"en_US\" \/>\n<meta property=\"og:type\" content=\"article\" \/>\n<meta property=\"og:title\" content=\"Events - PSI Network\" \/>\n<meta property=\"og:url\" content=\"https:\/\/psi-network.de\/en\/events\/\" \/>\n<meta property=\"og:site_name\" content=\"PSI Network\" \/>\n<meta name=\"twitter:card\" content=\"summary_large_image\" \/>\n<script type=\"application\/ld+json\" class=\"yoast-schema-graph\">{\"@context\":\"https:\\\/\\\/schema.org\",\"@graph\":[{\"@type\":\"WebPage\",\"@id\":\"https:\\\/\\\/psi-network.de\\\/en\\\/events\\\/\",\"url\":\"https:\\\/\\\/psi-network.de\\\/en\\\/events\\\/\",\"name\":\"Events - PSI Network\",\"isPartOf\":{\"@id\":\"https:\\\/\\\/psi-network.de\\\/#website\"},\"datePublished\":\"2022-12-21T10:53:48+00:00\",\"breadcrumb\":{\"@id\":\"https:\\\/\\\/psi-network.de\\\/en\\\/events\\\/#breadcrumb\"},\"inLanguage\":\"en-US\",\"potentialAction\":[{\"@type\":\"ReadAction\",\"target\":[\"https:\\\/\\\/psi-network.de\\\/en\\\/events\\\/\"]}]},{\"@type\":\"BreadcrumbList\",\"@id\":\"https:\\\/\\\/psi-network.de\\\/en\\\/events\\\/#breadcrumb\",\"itemListElement\":[{\"@type\":\"ListItem\",\"position\":1,\"name\":\"Startseite\",\"item\":\"https:\\\/\\\/psi-network.de\\\/en\\\/\"},{\"@type\":\"ListItem\",\"position\":2,\"name\":\"Events\"}]},{\"@type\":\"WebSite\",\"@id\":\"https:\\\/\\\/psi-network.de\\\/#website\",\"url\":\"https:\\\/\\\/psi-network.de\\\/\",\"name\":\"PSI Network\",\"description\":\"Die Welt des Werbens und Verkaufens\",\"publisher\":{\"@id\":\"https:\\\/\\\/psi-network.de\\\/#organization\"},\"potentialAction\":[{\"@type\":\"SearchAction\",\"target\":{\"@type\":\"EntryPoint\",\"urlTemplate\":\"https:\\\/\\\/psi-network.de\\\/?s={search_term_string}\"},\"query-input\":{\"@type\":\"PropertyValueSpecification\",\"valueRequired\":true,\"valueName\":\"search_term_string\"}}],\"inLanguage\":\"en-US\"},{\"@type\":\"Organization\",\"@id\":\"https:\\\/\\\/psi-network.de\\\/#organization\",\"name\":\"PSI Network\",\"url\":\"https:\\\/\\\/psi-network.de\\\/\",\"logo\":{\"@type\":\"ImageObject\",\"inLanguage\":\"en-US\",\"@id\":\"https:\\\/\\\/psi-network.de\\\/#\\\/schema\\\/logo\\\/image\\\/\",\"url\":\"https:\\\/\\\/psi-network.de\\\/content\\\/uploads\\\/2019\\\/11\\\/cropped-Planet-Advertising-2.jpg\",\"contentUrl\":\"https:\\\/\\\/psi-network.de\\\/content\\\/uploads\\\/2019\\\/11\\\/cropped-Planet-Advertising-2.jpg\",\"width\":600,\"height\":600,\"caption\":\"PSI Network\"},\"image\":{\"@id\":\"https:\\\/\\\/psi-network.de\\\/#\\\/schema\\\/logo\\\/image\\\/\"}}]}<\/script>\n<!-- \/ Yoast SEO plugin. -->","yoast_head_json":{"title":"Events - PSI Network","robots":{"index":"index","follow":"follow","max-snippet":"max-snippet:-1","max-image-preview":"max-image-preview:large","max-video-preview":"max-video-preview:-1"},"canonical":"https:\/\/psi-network.de\/en\/events\/","og_locale":"en_US","og_type":"article","og_title":"Events - PSI Network","og_url":"https:\/\/psi-network.de\/en\/events\/","og_site_name":"PSI Network","twitter_card":"summary_large_image","schema":{"@context":"https:\/\/schema.org","@graph":[{"@type":"WebPage","@id":"https:\/\/psi-network.de\/en\/events\/","url":"https:\/\/psi-network.de\/en\/events\/","name":"Events - PSI Network","isPartOf":{"@id":"https:\/\/psi-network.de\/#website"},"datePublished":"2022-12-21T10:53:48+00:00","breadcrumb":{"@id":"https:\/\/psi-network.de\/en\/events\/#breadcrumb"},"inLanguage":"en-US","potentialAction":[{"@type":"ReadAction","target":["https:\/\/psi-network.de\/en\/events\/"]}]},{"@type":"BreadcrumbList","@id":"https:\/\/psi-network.de\/en\/events\/#breadcrumb","itemListElement":[{"@type":"ListItem","position":1,"name":"Startseite","item":"https:\/\/psi-network.de\/en\/"},{"@type":"ListItem","position":2,"name":"Events"}]},{"@type":"WebSite","@id":"https:\/\/psi-network.de\/#website","url":"https:\/\/psi-network.de\/","name":"PSI Network","description":"Die Welt des Werbens und Verkaufens","publisher":{"@id":"https:\/\/psi-network.de\/#organization"},"potentialAction":[{"@type":"SearchAction","target":{"@type":"EntryPoint","urlTemplate":"https:\/\/psi-network.de\/?s={search_term_string}"},"query-input":{"@type":"PropertyValueSpecification","valueRequired":true,"valueName":"search_term_string"}}],"inLanguage":"en-US"},{"@type":"Organization","@id":"https:\/\/psi-network.de\/#organization","name":"PSI Network","url":"https:\/\/psi-network.de\/","logo":{"@type":"ImageObject","inLanguage":"en-US","@id":"https:\/\/psi-network.de\/#\/schema\/logo\/image\/","url":"https:\/\/psi-network.de\/content\/uploads\/2019\/11\/cropped-Planet-Advertising-2.jpg","contentUrl":"https:\/\/psi-network.de\/content\/uploads\/2019\/11\/cropped-Planet-Advertising-2.jpg","width":600,"height":600,"caption":"PSI Network"},"image":{"@id":"https:\/\/psi-network.de\/#\/schema\/logo\/image\/"}}]}},"_links":{"self":[{"href":"https:\/\/psi-network.de\/en\/wp-json\/wp\/v2\/pages\/29276","targetHints":{"allow":["GET"]}}],"collection":[{"href":"https:\/\/psi-network.de\/en\/wp-json\/wp\/v2\/pages"}],"about":[{"href":"https:\/\/psi-network.de\/en\/wp-json\/wp\/v2\/types\/page"}],"author":[{"embeddable":true,"href":"https:\/\/psi-network.de\/en\/wp-json\/wp\/v2\/users\/1"}],"replies":[{"embeddable":true,"href":"https:\/\/psi-network.de\/en\/wp-json\/wp\/v2\/comments?post=29276"}],"version-history":[{"count":1,"href":"https:\/\/psi-network.de\/en\/wp-json\/wp\/v2\/pages\/29276\/revisions"}],"predecessor-version":[{"id":29277,"href":"https:\/\/psi-network.de\/en\/wp-json\/wp\/v2\/pages\/29276\/revisions\/29277"}],"wp:attachment":[{"href":"https:\/\/psi-network.de\/en\/wp-json\/wp\/v2\/media?parent=29276"}],"curies":[{"name":"wp","href":"https:\/\/api.w.org\/{rel}","templated":true}]}}